{"id":387,"date":"2023-01-09T10:24:50","date_gmt":"2023-01-09T10:24:50","guid":{"rendered":"https:\/\/crazy-dhawan.82-220-38-86.plesk.page\/?page_id=387"},"modified":"2023-01-14T00:23:38","modified_gmt":"2023-01-14T00:23:38","slug":"eisproduktion","status":"publish","type":"page","link":"https:\/\/katzenstueberl.at\/?page_id=387","title":{"rendered":"Eisproduktion"},"content":{"rendered":"\n<section id=\"gm0667d58\" class=\"wp-block-gutentor-m3 section-gm0667d58 gutentor-module gutentor-container-cover has-image-bg has-custom-bg has-gutentor-overlay g-valign-c-mobile g-valign-c-tablet g-valign-c-desktop\"><div class=\"grid-container\">\n<h2 class=\"has-text-align-center has-nv-text-dark-bg-color has-text-color wp-block-heading\"><\/h2>\n<\/div><\/section>\n\n\n\n<section id=\"gmce8c6f6\" class=\"wp-block-gutentor-m3 section-gmce8c6f6 gutentor-module gutentor-container-cover has-color-bg has-custom-bg has-gutentor-overlay\"><div class=\"grid-container\">\n<div style=\"height:56px\" aria-hidden=\"true\" class=\"wp-block-spacer\"><\/div>\n\n\n\n<h2 class=\"has-nv-text-dark-bg-color has-text-color wp-block-heading\">Eisproduktion im Katzenst\u00fcberl<\/h2>\n\n\n\n<p class=\"has-nv-text-dark-bg-color has-text-color\">Die Produktion von Speiseeis ist eine Kunst, die Liebe, Qualit\u00e4t und Leidenschaft erfordert. Jeder einzelne Schritt in der Herstellung von Eis, von der Auswahl der Zutaten bis hin zur Abf\u00fcllung, erfordert Sorgfalt und Aufmerksamkeit.<\/p>\n\n\n\n<p class=\"has-nv-text-dark-bg-color has-text-color\">Die Liebe f\u00e4ngt bei der Auswahl der Zutaten an. Wir verwenden nur die besten und frischesten Zutaten, um sicherzustellen, dass unser Eis einen unvergleichlichen Geschmack hat. Dazu geh\u00f6ren saisonale Fr\u00fcchte, hochwertige Milch und Sahne, und nat\u00fcrliche Aromen.<\/p>\n\n\n\n<p class=\"has-nv-text-dark-bg-color has-text-color\">Qualit\u00e4t ist ein wichtiger Bestandteil der Eisproduktion. Wir \u00fcberwachen den gesamten Prozess sorgf\u00e4ltig, um sicherzustellen, dass jede Charge unseres Eises den h\u00f6chsten Qualit\u00e4tsstandards entspricht. Unsere Eismaschine sind immer top gewartet und gereinigt und wir legen gro\u00dfen Wert darauf, dass unsere Mitarbeiter regelm\u00e4\u00dfig geschult werden.<\/p>\n\n\n\n<h3 class=\"has-nv-text-dark-bg-color has-text-color wp-block-heading\">Wir legen Wert auf die besten Zutaten<\/h3>\n\n\n\n<p class=\"has-nv-text-dark-bg-color has-text-color\">Aber am wichtigsten ist die Leidenschaft, die in jede Kugel Eis gesteckt wird. Karl Prinz ist Experte, der jeden Tag daran arbeitet, neue und aufregende Eiskreationen zu entwickeln. Sie sind immer auf der Suche nach neuen Geschmacksrichtungen und Texturen, um unsere Kunden zu beeindrucken.<\/p>\n\n\n\n<p class=\"has-nv-text-dark-bg-color has-text-color\">Bei uns im Caf\u00e9-Restaurant Katzenst\u00fcberl steht die Liebe zum Eis im Mittelpunkt, und das schmeckt man. Wir sind stolz darauf, unsere G\u00e4ste mit qualitativ hochwertigen Eiskreationen zu verw\u00f6hnen, die mit Leidenschaft hergestellt werden. Kommen Sie vorbei und genie\u00dfen Sie eine Kugel oder ein Eisbecher von uns, Sie werden es nicht bereuen.<\/p>\n\n\n\n<figure class=\"wp-block-gallery has-nested-images columns-default is-cropped wp-block-gallery-1 is-layout-flex wp-block-gallery-is-layout-flex\">\n<figure class=\"wp-block-image size-large\"><a href=\"https:\/\/katzenstueberl.at\/wp-content\/uploads\/2023\/01\/katze-067.jpg\"><img loading=\"lazy\" decoding=\"async\" width=\"1024\" height=\"682\" data-id=\"356\" src=\"https:\/\/katzenstueberl.at\/wp-content\/uploads\/2023\/01\/katze-067-1024x682.jpg\" alt=\"\" class=\"wp-image-356\" srcset=\"https:\/\/katzenstueberl.at\/wp-content\/uploads\/2023\/01\/katze-067-1024x682.jpg 1024w, https:\/\/katzenstueberl.at\/wp-content\/uploads\/2023\/01\/katze-067-300x200.jpg 300w, https:\/\/katzenstueberl.at\/wp-content\/uploads\/2023\/01\/katze-067-768x512.jpg 768w, https:\/\/katzenstueberl.at\/wp-content\/uploads\/2023\/01\/katze-067-1536x1024.jpg 1536w, https:\/\/katzenstueberl.at\/wp-content\/uploads\/2023\/01\/katze-067-930x620.jpg 930w, https:\/\/katzenstueberl.at\/wp-content\/uploads\/2023\/01\/katze-067-600x400.jpg 600w, https:\/\/katzenstueberl.at\/wp-content\/uploads\/2023\/01\/katze-067.jpg 2000w\" sizes=\"auto, (max-width: 1024px) 100vw, 1024px\" \/><\/a><\/figure>\n\n\n\n<figure class=\"wp-block-image size-large\"><a href=\"https:\/\/katzenstueberl.at\/wp-content\/uploads\/2023\/01\/katze-071.jpg\"><img loading=\"lazy\" decoding=\"async\" width=\"1024\" height=\"682\" data-id=\"358\" src=\"https:\/\/katzenstueberl.at\/wp-content\/uploads\/2023\/01\/katze-071-1024x682.jpg\" alt=\"\" class=\"wp-image-358\" srcset=\"https:\/\/katzenstueberl.at\/wp-content\/uploads\/2023\/01\/katze-071-1024x682.jpg 1024w, https:\/\/katzenstueberl.at\/wp-content\/uploads\/2023\/01\/katze-071-300x200.jpg 300w, https:\/\/katzenstueberl.at\/wp-content\/uploads\/2023\/01\/katze-071-768x512.jpg 768w, https:\/\/katzenstueberl.at\/wp-content\/uploads\/2023\/01\/katze-071-1536x1024.jpg 1536w, https:\/\/katzenstueberl.at\/wp-content\/uploads\/2023\/01\/katze-071-930x620.jpg 930w, https:\/\/katzenstueberl.at\/wp-content\/uploads\/2023\/01\/katze-071-600x400.jpg 600w, https:\/\/katzenstueberl.at\/wp-content\/uploads\/2023\/01\/katze-071.jpg 2000w\" sizes=\"auto, (max-width: 1024px) 100vw, 1024px\" \/><\/a><\/figure>\n\n\n\n<figure class=\"wp-block-image size-large\"><a href=\"https:\/\/katzenstueberl.at\/wp-content\/uploads\/2023\/01\/katze-074.jpg\"><img loading=\"lazy\" decoding=\"async\" width=\"1024\" height=\"682\" data-id=\"359\" src=\"https:\/\/katzenstueberl.at\/wp-content\/uploads\/2023\/01\/katze-074-1024x682.jpg\" alt=\"\" class=\"wp-image-359\" srcset=\"https:\/\/katzenstueberl.at\/wp-content\/uploads\/2023\/01\/katze-074-1024x682.jpg 1024w, https:\/\/katzenstueberl.at\/wp-content\/uploads\/2023\/01\/katze-074-300x200.jpg 300w, https:\/\/katzenstueberl.at\/wp-content\/uploads\/2023\/01\/katze-074-768x512.jpg 768w, https:\/\/katzenstueberl.at\/wp-content\/uploads\/2023\/01\/katze-074-1536x1024.jpg 1536w, https:\/\/katzenstueberl.at\/wp-content\/uploads\/2023\/01\/katze-074-930x620.jpg 930w, https:\/\/katzenstueberl.at\/wp-content\/uploads\/2023\/01\/katze-074-600x400.jpg 600w, https:\/\/katzenstueberl.at\/wp-content\/uploads\/2023\/01\/katze-074.jpg 2000w\" sizes=\"auto, (max-width: 1024px) 100vw, 1024px\" \/><\/a><\/figure>\n\n\n\n<figure class=\"wp-block-image size-large\"><a href=\"https:\/\/katzenstueberl.at\/wp-content\/uploads\/2023\/01\/katze-058.jpg\"><img loading=\"lazy\" decoding=\"async\" width=\"1024\" height=\"682\" data-id=\"347\" src=\"https:\/\/katzenstueberl.at\/wp-content\/uploads\/2023\/01\/katze-058-1024x682.jpg\" alt=\"\" class=\"wp-image-347\" srcset=\"https:\/\/katzenstueberl.at\/wp-content\/uploads\/2023\/01\/katze-058-1024x682.jpg 1024w, https:\/\/katzenstueberl.at\/wp-content\/uploads\/2023\/01\/katze-058-300x200.jpg 300w, https:\/\/katzenstueberl.at\/wp-content\/uploads\/2023\/01\/katze-058-768x512.jpg 768w, https:\/\/katzenstueberl.at\/wp-content\/uploads\/2023\/01\/katze-058-1536x1024.jpg 1536w, https:\/\/katzenstueberl.at\/wp-content\/uploads\/2023\/01\/katze-058-930x620.jpg 930w, https:\/\/katzenstueberl.at\/wp-content\/uploads\/2023\/01\/katze-058-600x400.jpg 600w, https:\/\/katzenstueberl.at\/wp-content\/uploads\/2023\/01\/katze-058.jpg 2000w\" sizes=\"auto, (max-width: 1024px) 100vw, 1024px\" \/><\/a><\/figure>\n\n\n\n<figure class=\"wp-block-image size-large\"><a href=\"https:\/\/katzenstueberl.at\/wp-content\/uploads\/2023\/01\/katze-060.jpg\"><img loading=\"lazy\" decoding=\"async\" width=\"1024\" height=\"682\" data-id=\"349\" src=\"https:\/\/katzenstueberl.at\/wp-content\/uploads\/2023\/01\/katze-060-1024x682.jpg\" alt=\"\" class=\"wp-image-349\" srcset=\"https:\/\/katzenstueberl.at\/wp-content\/uploads\/2023\/01\/katze-060-1024x682.jpg 1024w, https:\/\/katzenstueberl.at\/wp-content\/uploads\/2023\/01\/katze-060-300x200.jpg 300w, https:\/\/katzenstueberl.at\/wp-content\/uploads\/2023\/01\/katze-060-768x512.jpg 768w, https:\/\/katzenstueberl.at\/wp-content\/uploads\/2023\/01\/katze-060-1536x1024.jpg 1536w, https:\/\/katzenstueberl.at\/wp-content\/uploads\/2023\/01\/katze-060-930x620.jpg 930w, https:\/\/katzenstueberl.at\/wp-content\/uploads\/2023\/01\/katze-060-600x400.jpg 600w, https:\/\/katzenstueberl.at\/wp-content\/uploads\/2023\/01\/katze-060.jpg 2000w\" sizes=\"auto, (max-width: 1024px) 100vw, 1024px\" \/><\/a><\/figure>\n\n\n\n<figure class=\"wp-block-image size-large\"><a href=\"https:\/\/katzenstueberl.at\/wp-content\/uploads\/2023\/01\/katze-062.jpg\"><img loading=\"lazy\" decoding=\"async\" width=\"1024\" height=\"682\" data-id=\"351\" src=\"https:\/\/katzenstueberl.at\/wp-content\/uploads\/2023\/01\/katze-062-1024x682.jpg\" alt=\"\" class=\"wp-image-351\" srcset=\"https:\/\/katzenstueberl.at\/wp-content\/uploads\/2023\/01\/katze-062-1024x682.jpg 1024w, https:\/\/katzenstueberl.at\/wp-content\/uploads\/2023\/01\/katze-062-300x200.jpg 300w, https:\/\/katzenstueberl.at\/wp-content\/uploads\/2023\/01\/katze-062-768x512.jpg 768w, https:\/\/katzenstueberl.at\/wp-content\/uploads\/2023\/01\/katze-062-1536x1024.jpg 1536w, https:\/\/katzenstueberl.at\/wp-content\/uploads\/2023\/01\/katze-062-930x620.jpg 930w, https:\/\/katzenstueberl.at\/wp-content\/uploads\/2023\/01\/katze-062-600x400.jpg 600w, https:\/\/katzenstueberl.at\/wp-content\/uploads\/2023\/01\/katze-062.jpg 2000w\" sizes=\"auto, (max-width: 1024px) 100vw, 1024px\" \/><\/a><\/figure>\n<\/figure>\n\n\n\n<div style=\"height:56px\" aria-hidden=\"true\" class=\"wp-block-spacer\"><\/div>\n<\/div><\/section>\n","protected":false},"excerpt":{"rendered":"","protected":false},"author":1,"featured_media":0,"parent":0,"menu_order":0,"comment_status":"closed","ping_status":"closed","template":"","meta":{"_coblocks_attr":"","_coblocks_dimensions":"","_coblocks_responsive_height":"","_coblocks_accordion_ie_support":"","neve_meta_sidebar":"","neve_meta_container":"full-width","neve_meta_enable_content_width":"","neve_meta_content_width":0,"neve_meta_title_alignment":"","neve_meta_author_avatar":"","neve_post_elements_order":"","neve_meta_disable_header":"","neve_meta_disable_footer":"","neve_meta_disable_title":"on","_themeisle_gutenberg_block_has_review":false,"footnotes":""},"class_list":["post-387","page","type-page","status-publish","hentry"],"uagb_featured_image_src":{"full":false,"thumbnail":false,"medium":false,"medium_large":false,"large":false,"1536x1536":false,"2048x2048":false,"neve-blog":false,"woocommerce_thumbnail":false,"woocommerce_single":false,"woocommerce_gallery_thumbnail":false},"uagb_author_info":{"display_name":"admin","author_link":"https:\/\/katzenstueberl.at\/?author=1"},"uagb_comment_info":0,"uagb_excerpt":null,"_links":{"self":[{"href":"https:\/\/katzenstueberl.at\/index.php?rest_route=\/wp\/v2\/pages\/387","targetHints":{"allow":["GET"]}}],"collection":[{"href":"https:\/\/katzenstueberl.at\/index.php?rest_route=\/wp\/v2\/pages"}],"about":[{"href":"https:\/\/katzenstueberl.at\/index.php?rest_route=\/wp\/v2\/types\/page"}],"author":[{"embeddable":true,"href":"https:\/\/katzenstueberl.at\/index.php?rest_route=\/wp\/v2\/users\/1"}],"replies":[{"embeddable":true,"href":"https:\/\/katzenstueberl.at\/index.php?rest_route=%2Fwp%2Fv2%2Fcomments&post=387"}],"version-history":[{"count":3,"href":"https:\/\/katzenstueberl.at\/index.php?rest_route=\/wp\/v2\/pages\/387\/revisions"}],"predecessor-version":[{"id":403,"href":"https:\/\/katzenstueberl.at\/index.php?rest_route=\/wp\/v2\/pages\/387\/revisions\/403"}],"wp:attachment":[{"href":"https:\/\/katzenstueberl.at\/index.php?rest_route=%2Fwp%2Fv2%2Fmedia&parent=387"}],"curies":[{"name":"wp","href":"https:\/\/api.w.org\/{rel}","templated":true}]}}