{"id":60,"date":"2022-07-22T10:40:43","date_gmt":"2022-07-22T10:40:43","guid":{"rendered":"https:\/\/hardcore-mirzakhani.82-220-38-86.plesk.page\/?page_id=60"},"modified":"2023-07-21T12:55:00","modified_gmt":"2023-07-21T12:55:00","slug":"kontakt","status":"publish","type":"page","link":"https:\/\/katzenstueberl.at\/?page_id=60","title":{"rendered":"Kontakt"},"content":{"rendered":"\n<section id=\"gm6992c93\" class=\"wp-block-gutentor-m3 section-gm6992c93 gutentor-module gutentor-container-cover has-image-bg has-custom-bg has-gutentor-overlay g-valign-c-mobile g-valign-c-tablet g-valign-c-desktop\"><div class=\"grid-container\">\n<h2 class=\"wp-block-heading has-text-align-center has-nv-text-dark-bg-color has-text-color\">NEHMEN SIE<br>KONTAKT AUF!<\/h2>\n<\/div><\/section>\n\n\n\n<section id=\"gme3a92fc\" class=\"wp-block-gutentor-m3 section-gme3a92fc gutentor-module gutentor-container-cover has-color-bg has-custom-bg\"><div class=\"grid-container\">\n<div style=\"height:56px\" aria-hidden=\"true\" class=\"wp-block-spacer\"><\/div>\n\n\n\n<p class=\"has-text-align-center has-nv-text-dark-bg-color has-text-color\"><strong>Caf\u00e9 Katzenst\u00fcberl Gf\u00f6hl<\/strong><br>Karl jun. &amp; Susanne Prinz<br>Pollhammerstr 11a \u2022 3542 Gf\u00f6hl \u2022 Austria<\/p>\n\n\n\n<p class=\"has-text-align-center has-nv-text-dark-bg-color has-text-color has-link-color wp-elements-93af99105a0004ea65b9974dd58d1e47\">Tel. +43 2716 6342 \u2022&nbsp;<a href=\"mailto:office@katzenstueberl.at\">office@katzenstueberl.at<\/a><\/p>\n\n\n\n<div style=\"height:56px\" aria-hidden=\"true\" class=\"wp-block-spacer\"><\/div>\n<\/div><\/section>\n","protected":false},"excerpt":{"rendered":"","protected":false},"author":1,"featured_media":0,"parent":0,"menu_order":0,"comment_status":"closed","ping_status":"closed","template":"","meta":{"_coblocks_attr":"","_coblocks_dimensions":"","_coblocks_responsive_height":"","_coblocks_accordion_ie_support":"","neve_meta_sidebar":"","neve_meta_container":"full-width","neve_meta_enable_content_width":"","neve_meta_content_width":0,"neve_meta_title_alignment":"","neve_meta_author_avatar":"","neve_post_elements_order":"","neve_meta_disable_header":"","neve_meta_disable_footer":"","neve_meta_disable_title":"on","_themeisle_gutenberg_block_has_review":false,"footnotes":""},"class_list":["post-60","page","type-page","status-publish","hentry"],"uagb_featured_image_src":{"full":false,"thumbnail":false,"medium":false,"medium_large":false,"large":false,"1536x1536":false,"2048x2048":false,"neve-blog":false,"woocommerce_thumbnail":false,"woocommerce_single":false,"woocommerce_gallery_thumbnail":false},"uagb_author_info":{"display_name":"admin","author_link":"https:\/\/katzenstueberl.at\/?author=1"},"uagb_comment_info":0,"uagb_excerpt":null,"_links":{"self":[{"href":"https:\/\/katzenstueberl.at\/index.php?rest_route=\/wp\/v2\/pages\/60","targetHints":{"allow":["GET"]}}],"collection":[{"href":"https:\/\/katzenstueberl.at\/index.php?rest_route=\/wp\/v2\/pages"}],"about":[{"href":"https:\/\/katzenstueberl.at\/index.php?rest_route=\/wp\/v2\/types\/page"}],"author":[{"embeddable":true,"href":"https:\/\/katzenstueberl.at\/index.php?rest_route=\/wp\/v2\/users\/1"}],"replies":[{"embeddable":true,"href":"https:\/\/katzenstueberl.at\/index.php?rest_route=%2Fwp%2Fv2%2Fcomments&post=60"}],"version-history":[{"count":16,"href":"https:\/\/katzenstueberl.at\/index.php?rest_route=\/wp\/v2\/pages\/60\/revisions"}],"predecessor-version":[{"id":441,"href":"https:\/\/katzenstueberl.at\/index.php?rest_route=\/wp\/v2\/pages\/60\/revisions\/441"}],"wp:attachment":[{"href":"https:\/\/katzenstueberl.at\/index.php?rest_route=%2Fwp%2Fv2%2Fmedia&parent=60"}],"curies":[{"name":"wp","href":"https:\/\/api.w.org\/{rel}","templated":true}]}}